{"id":59,"date":"2024-11-06T11:04:10","date_gmt":"2024-11-06T10:04:10","guid":{"rendered":"https:\/\/somni.de\/impressum\/"},"modified":"2025-09-07T20:10:37","modified_gmt":"2025-09-07T18:10:37","slug":"impressum","status":"publish","type":"page","link":"https:\/\/somni.de\/en\/impressum\/","title":{"rendered":"Impressum"},"content":{"rendered":"<p>Diese Seite verwendet keine Tracking-Tools.<br \/>\nInhaltlich verantwortlich nach DSGVO\/BDSG; TMG; MDStV \u00a7 10 Absatz 3 sowie gem. \u00a7 55 II RStV:<\/p>\n<p><strong>Somni UG (haftungsbeschr\u00e4nkt)<br \/>\n<\/strong>Gesch\u00e4ftsf\u00fchrer: Dr. Claus Braun<br \/>\nMarienburger Allee 19<br \/>\n14055 Berlin-Charlottenburg<br \/>\nHandelsregister: AG Charlottenburg, HRB 152767 B<br \/>\nTelefon: +49-30-37 30 78 04<br \/>\n<a href=\"mailto:i&#110;&#102;&#111;&#64;&#115;o&#109;ni.&#100;&#101;\">info@somni.de<\/a><\/p>\n<p>F\u00fcr alle auf diesen Seiten dargestellten Inhalte gilt \u00a9 2026 Somni<\/p>\n<p>Webdesign: <a href=\"https:\/\/magic-carpets.de\" target=\"_blank\" rel=\"noopener\">www.magic-carpets.de<\/a><\/p>\n<p>Alle Rechte vorbehalten. Texte und Bilder sowie deren Anordnung unterliegen dem Schutz des Urheberrechts. Die Inhalte werden Internet-Nutzern ausschlie\u00dflich zum privaten Gebrauch zur Verf\u00fcgung gestellt. Jede gewerbliche Nutzung ist unzul\u00e4ssig. Wir \u00fcbernehmen keine Haftung f\u00fcr die Inhalte externer Links. F\u00fcr den Inhalt der verlinkten Seiten sind ausschlie\u00dflich deren Betreiber verantwortlich.<\/p>","protected":false},"excerpt":{"rendered":"<p>Diese Seite verwendet keine Tracking-Tools. Inhaltlich verantwortlich nach DSGVO\/BDSG; TMG; MDStV \u00a7 10 Absatz 3 sowie gem. \u00a7 55 II RStV: Somni UG (haftungsbeschr\u00e4nkt) Gesch\u00e4ftsf\u00fchrer: Dr. Claus Braun Marienburger Allee 19 14055 Berlin-Charlottenburg Handelsregister: AG Charlottenburg, HRB 152767 B Telefon: +49-30-37 30 78 04 F\u00fcr alle auf diesen Seiten dargestellten Inhalte gilt \u00a9 Somni Webdesign: &hellip; <\/p>\n<p class=\"link-more\"><a href=\"https:\/\/somni.de\/en\/impressum\/\" class=\"more-link\">Continue reading<span class=\"screen-reader-text\"> &#8222;Impressum&#8220;<\/span><\/a><\/p>","protected":false},"author":1,"featured_media":0,"parent":0,"menu_order":0,"comment_status":"closed","ping_status":"closed","template":"","meta":{"_acf_changed":false,"footnotes":""},"class_list":["post-59","page","type-page","status-publish","hentry","entry"],"acf":[],"_links":{"self":[{"href":"https:\/\/somni.de\/en\/wp-json\/wp\/v2\/pages\/59","targetHints":{"allow":["GET"]}}],"collection":[{"href":"https:\/\/somni.de\/en\/wp-json\/wp\/v2\/pages"}],"about":[{"href":"https:\/\/somni.de\/en\/wp-json\/wp\/v2\/types\/page"}],"author":[{"embeddable":true,"href":"https:\/\/somni.de\/en\/wp-json\/wp\/v2\/users\/1"}],"replies":[{"embeddable":true,"href":"https:\/\/somni.de\/en\/wp-json\/wp\/v2\/comments?post=59"}],"version-history":[{"count":0,"href":"https:\/\/somni.de\/en\/wp-json\/wp\/v2\/pages\/59\/revisions"}],"wp:attachment":[{"href":"https:\/\/somni.de\/en\/wp-json\/wp\/v2\/media?parent=59"}],"curies":[{"name":"wp","href":"https:\/\/api.w.org\/{rel}","templated":true}]}}